{"id":2,"date":"2022-10-08T19:50:40","date_gmt":"2022-10-08T19:50:40","guid":{"rendered":"http:\/\/swa.ovh\/?page_id=2"},"modified":"2024-02-22T19:51:33","modified_gmt":"2024-02-22T19:51:33","slug":"strona-glowna","status":"publish","type":"page","link":"https:\/\/swa.ovh\/","title":{"rendered":"Strona g\u0142\u00f3wna"},"content":{"rendered":"\n<p><\/p>\n\n\n\n<h1 class=\"wp-block-heading has-text-align-center\">Witamy na stronie<\/h1>\n\n\n<h2 style=\"text-align: center;\"><strong>Szkolnych Warsztat\u00f3w Astronomicznych<\/strong><\/h2>\n<h5 style=\"text-align: center;\">organizowanych przez<\/h5>\n<h3 style=\"text-align: center;\">Liceum Og\u00f3lnokszta\u0142c\u0105ce Nr XIII we Wroc\u0142awiu<\/h3>\n<h5 style=\"text-align: center;\">we wsp\u00f3\u0142pracy z<\/h5>\n<h4 style=\"text-align: center;\">Zak\u0142adem Fizyki S\u0142o\u0144ca Centrum Bada\u0144 Kosmicznych PAN<\/h4>\n<h4 style=\"text-align: center;\">zaanga\u017cowanymi, pe\u0142nymi pasji i ch\u0119ci pracownikami<\/h4>\n<h4 style=\"text-align: center;\">Instytutu Astronomicznego UWr<\/h4>\n<h5 style=\"text-align: center;\">oraz<\/h5>\n<h4 style=\"text-align: center;\">Towarzystwem Izerskim<\/h4>\n<h5 style=\"text-align: center;\">\u00a0<\/h5>\n\n\n<hr style=\"height:1px; background-color: grey;\">\n\n\n<h5 style=\"text-align: center;\">W dotychczasowych edycjach SWA brali uczniowie wroc\u0142awskich szk\u00f3\u0142:<br \/>LO Nr I, IV, V, VI, VII, VIII, IX, XII, XIII, XIV, XVII, Liceum Plastycznego oraz z Gimnazjum Nr 1, 9 i 48.<\/h5>\n<h5 style=\"text-align: center;\">Go\u015bcili\u015bmy uczni\u00f3w i nauczycieli z LO Nr I w Sul\u0119cinie, LO Nr III w Zielonej G\u00f3rze,<br \/>ZSET w Rakowicach Wielkich oraz ZSOiMS w Szklarskiej Por\u0119bie,<br \/>I LO w Gorlicach &#8211; beneficjenta programu &#8222;Reach the Sky&#8221;<\/h5>","protected":false},"excerpt":{"rendered":"<p>Witamy na stronie Szkolnych Warsztat\u00f3w Astronomicznych organizowanych przez Liceum Og\u00f3lnokszta\u0142c\u0105ce Nr XIII we Wroc\u0142awiu we wsp\u00f3\u0142pracy z Zak\u0142adem Fizyki S\u0142o\u0144ca Centrum Bada\u0144 Kosmicznych PAN zaanga\u017cowanymi, pe\u0142nymi pasji i ch\u0119ci pracownikami Instytutu Astronomicznego UWr oraz Towarzystwem Izerskim \u00a0 W dotychczasowych edycjach SWA brali uczniowie wroc\u0142awskich szk\u00f3\u0142:LO Nr I, IV, V, VI, VII, VIII, IX, XII, XIII, &hellip; <\/p>\n<p><a class=\"more-link btn\" href=\"https:\/\/swa.ovh\/\">Czytaj dalej<\/a><\/p>\n","protected":false},"author":1,"featured_media":0,"parent":0,"menu_order":1,"comment_status":"closed","ping_status":"closed","template":"","meta":{"amp_status":"","footnotes":""},"class_list":["post-2","page","type-page","status-publish","hentry","nodate","item-wrap"],"_links":{"self":[{"href":"https:\/\/swa.ovh\/index.php\/wp-json\/wp\/v2\/pages\/2","targetHints":{"allow":["GET"]}}],"collection":[{"href":"https:\/\/swa.ovh\/index.php\/wp-json\/wp\/v2\/pages"}],"about":[{"href":"https:\/\/swa.ovh\/index.php\/wp-json\/wp\/v2\/types\/page"}],"author":[{"embeddable":true,"href":"https:\/\/swa.ovh\/index.php\/wp-json\/wp\/v2\/users\/1"}],"replies":[{"embeddable":true,"href":"https:\/\/swa.ovh\/index.php\/wp-json\/wp\/v2\/comments?post=2"}],"version-history":[{"count":29,"href":"https:\/\/swa.ovh\/index.php\/wp-json\/wp\/v2\/pages\/2\/revisions"}],"predecessor-version":[{"id":1216,"href":"https:\/\/swa.ovh\/index.php\/wp-json\/wp\/v2\/pages\/2\/revisions\/1216"}],"wp:attachment":[{"href":"https:\/\/swa.ovh\/index.php\/wp-json\/wp\/v2\/media?parent=2"}],"curies":[{"name":"wp","href":"https:\/\/api.w.org\/{rel}","templated":true}]}}