{"id":15,"date":"2022-10-08T20:44:59","date_gmt":"2022-10-08T20:44:59","guid":{"rendered":"http:\/\/swa.ovh\/?page_id=15"},"modified":"2024-06-02T16:42:24","modified_gmt":"2024-06-02T16:42:24","slug":"kontakt","status":"publish","type":"page","link":"https:\/\/swa.ovh\/index.php\/kontakt\/","title":{"rendered":"Kontakt"},"content":{"rendered":"\n<hr>\n\n\n\n<p>Szkolne Warsztaty Astronomiczne<br>Liceum Og\u00f3lnokszta\u0142c\u0105ce Nr XIII<br>ul. Haukego-Bosaka 33-37<br>50-447 Wroc\u0142aw<\/p>\n\n\n\n<p>e-mail: swa@swa.ovh<\/p>\n\n\n\n<p><\/p>\n\n\n\n<hr>\n\n\n\n<figure class=\"wp-block-image size-full\"><img loading=\"lazy\" decoding=\"async\" width=\"891\" height=\"299\" src=\"https:\/\/swa.ovh\/wp-content\/uploads\/2022\/10\/logo_d8.jpg\" alt=\"\" class=\"wp-image-223\" srcset=\"https:\/\/swa.ovh\/wp-content\/uploads\/2022\/10\/logo_d8.jpg 891w, https:\/\/swa.ovh\/wp-content\/uploads\/2022\/10\/logo_d8-300x101.jpg 300w, https:\/\/swa.ovh\/wp-content\/uploads\/2022\/10\/logo_d8-768x258.jpg 768w, https:\/\/swa.ovh\/wp-content\/uploads\/2022\/10\/logo_d8-750x252.jpg 750w\" sizes=\"auto, (max-width: 891px) 100vw, 891px\" \/><\/figure>\n","protected":false},"excerpt":{"rendered":"<p>Szkolne Warsztaty AstronomiczneLiceum Og\u00f3lnokszta\u0142c\u0105ce Nr XIIIul. Haukego-Bosaka 33-3750-447 Wroc\u0142aw e-mail: swa@swa.ovh<\/p>\n","protected":false},"author":1,"featured_media":0,"parent":0,"menu_order":0,"comment_status":"closed","ping_status":"closed","template":"","meta":{"amp_status":"","footnotes":""},"class_list":["post-15","page","type-page","status-publish","hentry","nodate","item-wrap"],"_links":{"self":[{"href":"https:\/\/swa.ovh\/index.php\/wp-json\/wp\/v2\/pages\/15","targetHints":{"allow":["GET"]}}],"collection":[{"href":"https:\/\/swa.ovh\/index.php\/wp-json\/wp\/v2\/pages"}],"about":[{"href":"https:\/\/swa.ovh\/index.php\/wp-json\/wp\/v2\/types\/page"}],"author":[{"embeddable":true,"href":"https:\/\/swa.ovh\/index.php\/wp-json\/wp\/v2\/users\/1"}],"replies":[{"embeddable":true,"href":"https:\/\/swa.ovh\/index.php\/wp-json\/wp\/v2\/comments?post=15"}],"version-history":[{"count":16,"href":"https:\/\/swa.ovh\/index.php\/wp-json\/wp\/v2\/pages\/15\/revisions"}],"predecessor-version":[{"id":1250,"href":"https:\/\/swa.ovh\/index.php\/wp-json\/wp\/v2\/pages\/15\/revisions\/1250"}],"wp:attachment":[{"href":"https:\/\/swa.ovh\/index.php\/wp-json\/wp\/v2\/media?parent=15"}],"curies":[{"name":"wp","href":"https:\/\/api.w.org\/{rel}","templated":true}]}}