{"id":142,"date":"2022-10-09T11:13:58","date_gmt":"2022-10-09T11:13:58","guid":{"rendered":"http:\/\/swa.ovh\/?page_id=142"},"modified":"2024-10-06T19:11:07","modified_gmt":"2024-10-06T19:11:07","slug":"cwiczenia","status":"publish","type":"page","link":"https:\/\/swa.ovh\/index.php\/cwiczenia\/","title":{"rendered":"\u0106wiczenia"},"content":{"rendered":"\n<hr>\n\n\n\n<h3 class=\"wp-block-heading has-black-color has-text-color\" style=\"font-style:normal;font-weight:500\"><u>Programy u\u017cywane podczas SWA<\/u><\/h3>\n\n\n\n<p>Poni\u017cej linki do program\u00f3w, kt\u00f3re u\u017cywane s\u0105 na SWA:<\/p>\n\n\n\n<ul class=\"wp-block-list\">\n<li>Gimp &#8211; <a href=\"http:\/\/www.gimp.org\/downloads\/\">http:\/\/www.gimp.org\/downloads\/<\/a><\/li>\n\n\n\n<li>Stellarium &#8211; <a href=\"http:\/\/www.stellarium.org\/pl\/\">http:\/\/www.stellarium.org\/pl\/<\/a><\/li>\n\n\n\n<li>DeepSkyStacker &#8211; <a href=\"http:\/\/deepskystacker.free.fr\/english\/index.html\">http:\/\/deepskystacker.free.fr\/english\/index.html<\/a><\/li>\n\n\n\n<li>Startrails &#8211;<a href=\"http:\/\/www.startrails.de\"> http:\/\/www.startrails.de<\/a><\/li>\n\n\n\n<li>Gnuplot &#8211; <a href=\"http:\/\/www.gnuplot.info\/\">http:\/\/www.gnuplot.info<\/a><\/li>\n\n\n\n<li>Python &#8211; <a href=\"https:\/\/www.python.org\/\">https:\/\/www.python.org<\/a><\/li>\n\n\n\n<li>Libreoffice &#8211; <a href=\"https:\/\/pl.libreoffice.org\/pobieranie\/\">https:\/\/pl.libreoffice.org\/pobieranie\/<\/a><\/li>\n\n\n\n<li>VirtualBox &#8211; <a href=\"https:\/\/www.virtualbox.org\/\">https:\/\/www.virtualbox.org\/<\/a><\/li>\n\n\n\n<li>do maszyny wirtualnej dystrybucja Linuxa Lubuntu &#8211; <a href=\"http:\/\/lubuntu.net\/\">http:\/\/lubuntu.net\/<\/a><\/li>\n<\/ul>\n\n\n\n<h3 class=\"wp-block-heading\" style=\"font-style:normal;font-weight:500\"><u>Kratery<\/u><\/h3>\n\n\n\n<p>\u0106wiczenie pozwalaj\u0105ce wyznaczanie zale\u017cno\u015bci pomi\u0119dzy energi\u0105 uderzenia meteorytu, a \u015brednic\u0105 krateru. Dzi\u0119ki znajomo\u015bci masy meteorytu (np. stalowej kulki), wysoko\u015bci spadku i \u015brednicy krateru mo\u017cna oszacowa\u0107 np. energi\u0119 meteorytu, kt\u00f3ry utworzy\u0142 krater Barringera w Arizonie (jesli za\u0142o\u017cymy, \u017ce by\u0142 to meteoryt \u017celazny to dodatkowo mo\u017cna oszaccowac rozmiar samego meteorytu). <a href=\"\/SWA_archiwalna\/SWA_arch\/www.swa.edu.pl\/pdf\/cwiczenia\/kratery.pdf\"><strong>Pobierz (*.pdf)<\/strong><\/a><\/p>\n\n\n<div class=\"wp-block-image\">\n<figure class=\"aligncenter size-full\"><img loading=\"lazy\" decoding=\"async\" width=\"602\" height=\"450\" src=\"https:\/\/swa.ovh\/wp-content\/uploads\/2022\/10\/kulka1.gif\" alt=\"\" class=\"wp-image-165\"\/><\/figure>\n<\/div>\n\n\n<h3 class=\"wp-block-heading\" style=\"font-style:normal;font-weight:500\"><u>Pole widzenia teleskopu<\/u><\/h3>\n\n\n\n<p>Kilka \u0107wicze\u0144 zwi\u0105zanych z wyznaczaniem pola widzenia teleskopu dla obiekt\u00f3w bliskich i dalekich, okre\u015blania widocznego obszaru nieba itp.\u00a0<a href=\"\/SWA_archiwalna\/SWA_arch\/www.swa.edu.pl\/pdf\/cwiczenia\/pole_widzenia_teleskopu.pdf\" target=\"_blank\" rel=\"noreferrer noopener\"><strong>Pobierz (*.pdf)<\/strong><\/a><\/p>\n\n\n<div class=\"wp-block-image\">\n<figure class=\"aligncenter size-full is-resized\"><img loading=\"lazy\" decoding=\"async\" width=\"1024\" height=\"675\" src=\"https:\/\/swa.ovh\/wp-content\/uploads\/2022\/10\/IMGP0771-62-47.jpg\" alt=\"\" class=\"wp-image-171\" style=\"width:512px;height:338px\" srcset=\"https:\/\/swa.ovh\/wp-content\/uploads\/2022\/10\/IMGP0771-62-47.jpg 1024w, https:\/\/swa.ovh\/wp-content\/uploads\/2022\/10\/IMGP0771-62-47-300x198.jpg 300w, https:\/\/swa.ovh\/wp-content\/uploads\/2022\/10\/IMGP0771-62-47-768x506.jpg 768w, https:\/\/swa.ovh\/wp-content\/uploads\/2022\/10\/IMGP0771-62-47-750x494.jpg 750w\" sizes=\"auto, (max-width: 1024px) 100vw, 1024px\" \/><\/figure>\n<\/div>\n\n\n<h3 class=\"wp-block-heading\" style=\"font-style:normal;font-weight:500\"><u>Wyznaczanie sta\u0142ej s\u0142onecznej i mocy promieniowania S\u0142o\u0144ca<\/u><\/h3>\n\n\n\n<p>Jak pozna\u0107 Wszech\u015bwiat, je\u015bli nie mamy bezpo\u015bredniego dost\u0119pu do ka\u017cdej jego cz\u0119\u015bci? Ta trudno\u015b\u0107 jest codzienno\u015bci\u0105 dla astronomii. Obiekty astronomiczne znajduj\u0105 si\u0119 w wi\u0119kszo\u015bci zbyt daleko by bada\u0107 je bezpo\u015brednio, w dodatku do niekt\u00f3rych z nich i tak nie mo\u017cna si\u0119 bezpiecznie zbli\u017cy\u0107. Pozostaje zdobywanie informacji na odleg\u0142o\u015b\u0107, np. poprzez badanie \u015bwiat\u0142a docieraj\u0105cego do nas od nich. Spr\u00f3bujmy na przyk\u0142adzie S\u0142o\u0144ca. Obserwuj\u0105c je z Ziemi, czyli z odleg\u0142o\u015bci 150 mln km mo\u017cemy wyznaczy\u0107 wiele jego cech, takich jak rozmiar, masa czy moc \u015bwiecenia. T\u0119 ostatni\u0105 cech\u0119 wyznaczymy w opisanym poni\u017cej \u0107wiczeniu, korzystaj\u0105c z prostych instrument\u00f3w pomiarowych. <a href=\"\/SWA_archiwalna\/SWA_arch\/www.swa.edu.pl\/pdf\/cwiczenia\/moc-prom-slonca_v2.pdf\" target=\"_blank\" rel=\"noreferrer noopener\"><strong>Pobierz (*.pdf)<\/strong><\/a><\/p>\n\n\n<div class=\"wp-block-image\">\n<figure class=\"aligncenter size-full\"><img loading=\"lazy\" decoding=\"async\" width=\"338\" height=\"503\" src=\"https:\/\/swa.ovh\/wp-content\/uploads\/2022\/10\/zestaw_sslo.jpg\" alt=\"\" class=\"wp-image-169\" srcset=\"https:\/\/swa.ovh\/wp-content\/uploads\/2022\/10\/zestaw_sslo.jpg 338w, https:\/\/swa.ovh\/wp-content\/uploads\/2022\/10\/zestaw_sslo-202x300.jpg 202w\" sizes=\"auto, (max-width: 338px) 100vw, 338px\" \/><\/figure>\n<\/div>\n\n\n<h3 class=\"wp-block-heading\" style=\"font-style:normal;font-weight:500\"><u>Wyznaczanie szeroko\u015bci geograficznej i po\u0142udnia prawdziwego<\/u><\/h3>\n\n\n\n<p>Do pobrania \u0107wiczenie z wyznaczania szeroko\u015bci geograficznej i po\u0142udnia prawdziwego za pomoc\u0105 najprostszego instrumentu, jakim jest wbity w ziemi\u0119 ko\u0142ek. Pomy\u015blnych pomiar\u00f3w. <\/p>\n\n\n\n<p>Pobierz:<strong> <a href=\"\/SWA_archiwalna\/SWA_arch\/www.swa.edu.pl\/pdf\/cwiczenia\/gnomon.pdf\">gnomon(*.pdf)<\/a>, <a href=\"\/SWA_archiwalna\/SWA_arch\/www.swa.edu.pl\/pdf\/cwiczenia\/polkola.pdf\">plansza pomiarowa pod gnomon(*.pdf)<\/a>.<\/strong><\/p>\n\n\n<div class=\"wp-block-image\">\n<figure class=\"aligncenter size-full\"><img loading=\"lazy\" decoding=\"async\" width=\"500\" height=\"334\" src=\"https:\/\/swa.ovh\/wp-content\/uploads\/2022\/10\/gnomon2.jpg\" alt=\"\" class=\"wp-image-172\" srcset=\"https:\/\/swa.ovh\/wp-content\/uploads\/2022\/10\/gnomon2.jpg 500w, https:\/\/swa.ovh\/wp-content\/uploads\/2022\/10\/gnomon2-300x200.jpg 300w\" sizes=\"auto, (max-width: 500px) 100vw, 500px\" \/><\/figure>\n<\/div>\n\n\n<h3 class=\"wp-block-heading\" style=\"font-style:normal;font-weight:500\"><u>Liczymy gwiazdy na nocnym niebie<\/u><\/h3>\n\n\n\n<p>Izerski Park Ciemnego Nieba i Szkolne Warsztaty Astronomiczne zaprasza ma\u0142ych i du\u017cych do wzi\u0119cia udzia\u0142u w akcji <strong><em>Liczymy gwiazdy na nocnym niebie<\/em><\/strong>. Cz\u0119sto patrz\u0105c na nocne niebo zastanawiamy si\u0119 ile gwiazd na nim wida\u0107. Dzi\u0119ki prostej obserwacji ka\u017cdy mo\u017ce sam sprawdzi\u0107, ile tych gwiazd jest. Aby otrzyma\u0107 wynik nie musimy mozolnie liczy\u0107 wszystkich widocznych gwiazd! Wystarczy policzy\u0107 ich ilo\u015b\u0107 w kilku miejscach na niebie, wykona\u0107 proste obliczenie i otrzymamy dobre przybli\u017cenie ilo\u015bci gwiazd na ca\u0142ym niebie.<br><br>Przygotowana przez nas metoda nie tylko pozwoli ci dowiedzie\u0107 si\u0119, ile jest gwiazd na niebie, ale r\u00f3wnie\u017c zmierzy\u0107 zanieczyszczenie \u015bwiat\u0142em. Im wi\u0119ksze jest to zanieczyszczenie w miejscu obserwacji, tym ja\u015bniejsze jest nocne niebo i tym mniej gwiazd mo\u017cemy zobaczy\u0107, poniewa\u017c s\u0142absze z nich nikn\u0105 w blasku jasnego nieba. Z dala od miast i wsi, gdzie zanieczyszczenie \u015bwiat\u0142em jest ma\u0142e lub zerowe, mo\u017cemy na niebie zobaczy\u0107 ponad 2000 gwiazd. W centrach bardzo du\u017cych miast zanieczyszczenie to jest znaczne i dlatego gwiazd wida\u0107 tam mniej ni\u017c 300. Sprawd\u017a, ile gwiazd widzisz na twoim nocnym niebie, a dowiesz si\u0119 jak du\u017ce jest zanieczyszczenie \u015bwiat\u0142em u Ciebie!<br><br>Pobierz szczeg\u00f3\u0142owy opis przeprowadzenia tej obserwacji i raport obserwacyjny &#8211; <a href=\"http:\/\/www.izera-darksky.eu\/info\/liczymy-gwiazdy.pdf\"><strong>pobierz (*.pdf).<\/strong><\/a><\/p>\n\n\n\n<p>Nie musisz zna\u0107 si\u0119 na nocnym niebie i nie musisz umie\u0107 rozpoznawa\u0107 gwiazdozbiory, aby wykona\u0107 t\u0119 obserwacj\u0119! Podziel si\u0119 z nami swoim wynikiem. Napisz na&nbsp;<a href=\"mailto:pi@astro.uni.wroc.pl\">pi@astro.uni.wroc.pl<\/a> lub na&nbsp;<a href=\"mailto:swa@astro.uni.wroc.pl\">swa@astro.uni.wroc.pl<\/a> i prze\u015blij nam sw\u00f3j raport obserwacyjny.<\/p>\n\n\n\n<h3 class=\"wp-block-heading\" style=\"font-style:normal;font-weight:500\"><u>Zegar s\u0142oneczny<\/u><\/h3>\n\n\n\n<p>Do konstrukcji tego zegara potrzebny jest tylko szablon, o\u0142\u00f3wek, ta\u015bma klej\u0105ca lub klej. Pobierz szablon i post\u0119puj zgodnie z instrukcj\u0105 na szablonie. <a href=\"\/SWA_archiwalna\/SWA_arch\/www.swa.edu.pl\/pdf\/cwiczenia\/zegar_sloneczny_v1.pdf\"><strong>Pobierz (*.pdf)<\/strong><\/a><\/p>\n\n\n<div class=\"wp-block-image\">\n<figure class=\"aligncenter size-full\"><img loading=\"lazy\" decoding=\"async\" width=\"400\" height=\"536\" src=\"https:\/\/swa.ovh\/wp-content\/uploads\/2022\/10\/zegar_slo_cb_m.jpg\" alt=\"\" class=\"wp-image-170\" srcset=\"https:\/\/swa.ovh\/wp-content\/uploads\/2022\/10\/zegar_slo_cb_m.jpg 400w, https:\/\/swa.ovh\/wp-content\/uploads\/2022\/10\/zegar_slo_cb_m-224x300.jpg 224w\" sizes=\"auto, (max-width: 400px) 100vw, 400px\" \/><\/figure>\n<\/div>\n\n\n<h3 class=\"wp-block-heading\" style=\"font-style:normal;font-weight:500\"><u>Wyznaczanie \u015brednicy k\u0105towej S\u0142o\u0144ca<\/u><\/h3>\n\n\n\n<p>\u015arednica k\u0105towa S\u0142o\u0144ca to wielko\u015b\u0107, kt\u00f3ra informuje nas o tym, jak du\u017ce jest S\u0142o\u0144ce na naszym niebie. Wielko\u015b\u0107 t\u0119 wyra\u017camy w mierze k\u0105towej, np. w stopniach. Do wyznaczenia \u015brednicy k\u0105towej S\u0142o\u0144ca wykorzystamy kamer\u0119 otworkow\u0105 (camera obscura). Kamera ta jest prostym przyrz\u0105dem optycznym, kt\u00f3ry umo\u017cliwia uzyska\u0107 rzeczywisty obraz obiekt\u00f3w (patrz szkic obok). W kamerze do utworzenia obrazu wykorzystywana jest ma\u0142a dziurka. Nie ma tu \u017cadnych soczewek.  <a rel=\"noreferrer noopener\" href=\"\/SWA_archiwalna\/SWA_arch\/www.swa.edu.pl\/pdf\/cwiczenia\/srednica_slonca.pdf\" target=\"_blank\"><strong>Pobierz (*.pdf) <\/strong><\/a><\/p>\n\n\n\n<p><\/p>\n\n\n<div class=\"wp-block-image\">\n<figure class=\"aligncenter size-large is-resized\"><a href=\"https:\/\/swa.ovh\/wp-content\/uploads\/2023\/05\/swa22_srednica1.jpg\"><img loading=\"lazy\" decoding=\"async\" width=\"1024\" height=\"681\" src=\"https:\/\/swa.ovh\/wp-content\/uploads\/2023\/05\/swa22_srednica1-1024x681.jpg\" alt=\"\" class=\"wp-image-1072\" style=\"width:512px;height:341px\" srcset=\"https:\/\/swa.ovh\/wp-content\/uploads\/2023\/05\/swa22_srednica1-1024x681.jpg 1024w, https:\/\/swa.ovh\/wp-content\/uploads\/2023\/05\/swa22_srednica1-300x199.jpg 300w, https:\/\/swa.ovh\/wp-content\/uploads\/2023\/05\/swa22_srednica1-768x510.jpg 768w, https:\/\/swa.ovh\/wp-content\/uploads\/2023\/05\/swa22_srednica1-770x512.jpg 770w, https:\/\/swa.ovh\/wp-content\/uploads\/2023\/05\/swa22_srednica1-272x182.jpg 272w, https:\/\/swa.ovh\/wp-content\/uploads\/2023\/05\/swa22_srednica1.jpg 1500w\" sizes=\"auto, (max-width: 1024px) 100vw, 1024px\" \/><\/a><\/figure>\n<\/div>\n\n\n<h3 class=\"wp-block-heading\" style=\"font-style:normal;font-weight:500\"><u>Zadanie z mikrofalowego promieniowania t\u0142a<\/u><\/h3>\n\n\n\n<p>Mikrofalowe promieniowanie t\u0142a (CMB, cosmic microwave background) to najdalszy (w czasie i przestrzeni) \u201eobiekt\u201d jaki mo\u017cemy zaobserwowa\u0107 we Wszech\u015bwiecie. CMB dociera do nas ze wszystkich kierunk\u00f3w na niebie powoduj\u0105c, \u017ce ca\u0142e niebo \u015bwieci prawie idealnie jednorodnie w zakresie mikrofal (promieniowanie od d\u0142ugo\u015bci fali oko\u0142o 1 mm). Stanowi on pozosta\u0142o\u015b\u0107 po bardzo m\u0142odym Wszech\u015bwiecie licz\u0105cym zaledwie nieca\u0142e 400 tys. lat. W tym czasie ca\u0142a materia w nim zgromadzona mia\u0142a posta\u0107&#8230; <a rel=\"noreferrer noopener\" href=\"\/SWA_archiwalna\/SWA_arch\/www.swa.edu.pl\/pdf\/cwiczenia\/cmb.pdf\" target=\"_blank\"><strong>Pobierz (*.pdf)<\/strong><\/a><br><\/p>\n","protected":false},"excerpt":{"rendered":"<p>Programy u\u017cywane podczas SWA Poni\u017cej linki do program\u00f3w, kt\u00f3re u\u017cywane s\u0105 na SWA: Kratery \u0106wiczenie pozwalaj\u0105ce wyznaczanie zale\u017cno\u015bci pomi\u0119dzy energi\u0105 uderzenia meteorytu, a \u015brednic\u0105 krateru. Dzi\u0119ki znajomo\u015bci masy meteorytu (np. stalowej kulki), wysoko\u015bci spadku i \u015brednicy krateru mo\u017cna oszacowa\u0107 np. energi\u0119 meteorytu, kt\u00f3ry utworzy\u0142 krater Barringera w Arizonie (jesli za\u0142o\u017cymy, \u017ce by\u0142 to meteoryt \u017celazny &hellip; <\/p>\n<p><a class=\"more-link btn\" href=\"https:\/\/swa.ovh\/index.php\/cwiczenia\/\">Czytaj dalej<\/a><\/p>\n","protected":false},"author":1,"featured_media":0,"parent":0,"menu_order":0,"comment_status":"closed","ping_status":"closed","template":"","meta":{"amp_status":"","footnotes":""},"class_list":["post-142","page","type-page","status-publish","hentry","nodate","item-wrap"],"_links":{"self":[{"href":"https:\/\/swa.ovh\/index.php\/wp-json\/wp\/v2\/pages\/142","targetHints":{"allow":["GET"]}}],"collection":[{"href":"https:\/\/swa.ovh\/index.php\/wp-json\/wp\/v2\/pages"}],"about":[{"href":"https:\/\/swa.ovh\/index.php\/wp-json\/wp\/v2\/types\/page"}],"author":[{"embeddable":true,"href":"https:\/\/swa.ovh\/index.php\/wp-json\/wp\/v2\/users\/1"}],"replies":[{"embeddable":true,"href":"https:\/\/swa.ovh\/index.php\/wp-json\/wp\/v2\/comments?post=142"}],"version-history":[{"count":20,"href":"https:\/\/swa.ovh\/index.php\/wp-json\/wp\/v2\/pages\/142\/revisions"}],"predecessor-version":[{"id":1339,"href":"https:\/\/swa.ovh\/index.php\/wp-json\/wp\/v2\/pages\/142\/revisions\/1339"}],"wp:attachment":[{"href":"https:\/\/swa.ovh\/index.php\/wp-json\/wp\/v2\/media?parent=142"}],"curies":[{"name":"wp","href":"https:\/\/api.w.org\/{rel}","templated":true}]}}