{"id":1087,"date":"2023-05-02T08:57:06","date_gmt":"2023-05-02T08:57:06","guid":{"rendered":"https:\/\/swa.ovh\/?page_id=1087"},"modified":"2025-10-11T08:33:49","modified_gmt":"2025-10-11T08:33:49","slug":"zglosznie_zamkniete","status":"publish","type":"page","link":"https:\/\/swa.ovh\/index.php\/zglosznie_zamkniete\/","title":{"rendered":"Zg\u0142oszenia na SWA"},"content":{"rendered":"\n<hr>\n\n\n\n<p>Zg\u0142oszenia na XXIX SWA zosta\u0142y zamkni\u0119te.<\/p>\n\n\n<div class=\"wp-block-image\">\n<figure class=\"aligncenter size-large is-resized\"><img loading=\"lazy\" decoding=\"async\" width=\"1024\" height=\"684\" src=\"https:\/\/swa.ovh\/wp-content\/uploads\/2023\/04\/swa24-45-1024x684.jpg\" alt=\"\" class=\"wp-image-1023\" style=\"width:512px;height:342px\" srcset=\"https:\/\/swa.ovh\/wp-content\/uploads\/2023\/04\/swa24-45-1024x684.jpg 1024w, https:\/\/swa.ovh\/wp-content\/uploads\/2023\/04\/swa24-45-300x200.jpg 300w, https:\/\/swa.ovh\/wp-content\/uploads\/2023\/04\/swa24-45-768x513.jpg 768w, https:\/\/swa.ovh\/wp-content\/uploads\/2023\/04\/swa24-45-1536x1025.jpg 1536w, https:\/\/swa.ovh\/wp-content\/uploads\/2023\/04\/swa24-45-823x549.jpg 823w, https:\/\/swa.ovh\/wp-content\/uploads\/2023\/04\/swa24-45-272x182.jpg 272w, https:\/\/swa.ovh\/wp-content\/uploads\/2023\/04\/swa24-45.jpg 2048w\" sizes=\"auto, (max-width: 1024px) 100vw, 1024px\" \/><\/figure>\n<\/div>","protected":false},"excerpt":{"rendered":"<p>Zg\u0142oszenia na XXIX SWA zosta\u0142y zamkni\u0119te.<\/p>\n","protected":false},"author":1,"featured_media":0,"parent":0,"menu_order":0,"comment_status":"closed","ping_status":"closed","template":"","meta":{"amp_status":"","footnotes":""},"class_list":["post-1087","page","type-page","status-publish","hentry","nodate","item-wrap"],"_links":{"self":[{"href":"https:\/\/swa.ovh\/index.php\/wp-json\/wp\/v2\/pages\/1087","targetHints":{"allow":["GET"]}}],"collection":[{"href":"https:\/\/swa.ovh\/index.php\/wp-json\/wp\/v2\/pages"}],"about":[{"href":"https:\/\/swa.ovh\/index.php\/wp-json\/wp\/v2\/types\/page"}],"author":[{"embeddable":true,"href":"https:\/\/swa.ovh\/index.php\/wp-json\/wp\/v2\/users\/1"}],"replies":[{"embeddable":true,"href":"https:\/\/swa.ovh\/index.php\/wp-json\/wp\/v2\/comments?post=1087"}],"version-history":[{"count":9,"href":"https:\/\/swa.ovh\/index.php\/wp-json\/wp\/v2\/pages\/1087\/revisions"}],"predecessor-version":[{"id":1415,"href":"https:\/\/swa.ovh\/index.php\/wp-json\/wp\/v2\/pages\/1087\/revisions\/1415"}],"wp:attachment":[{"href":"https:\/\/swa.ovh\/index.php\/wp-json\/wp\/v2\/media?parent=1087"}],"curies":[{"name":"wp","href":"https:\/\/api.w.org\/{rel}","templated":true}]}}